{"id":29897,"date":"2026-02-01T13:33:31","date_gmt":"2026-02-01T18:33:31","guid":{"rendered":"https:\/\/www.datcha.ca\/la_datcha\/?post_type=product&#038;p=29897"},"modified":"2026-04-04T12:19:54","modified_gmt":"2026-04-04T16:19:54","slug":"boite-avec-couvercle-renards-et-fleurs-copy-copy","status":"publish","type":"product","link":"https:\/\/www.datcha.ca\/la_datcha\/fr\/produit\/boite-avec-couvercle-renards-et-fleurs-copy-copy\/","title":{"rendered":"Boite avec couvercle, li\u00e8vre et fleurs"},"content":{"rendered":"","protected":false},"excerpt":{"rendered":"<p>Gr\u00e8s brun<br \/>Engob et sous-gla\u00fbre, \u00e9mail cr\u00e8me \u00e0 l&rsquo;int\u00e9rieur<br \/>9.5 cm x 10 cm<\/p>\n","protected":false},"featured_media":29899,"template":"","meta":{"_et_pb_use_builder":"","_et_pb_old_content":"","_et_gb_content_width":"","ngg_post_thumbnail":0},"product_brand":[],"product_cat":[375,173],"product_tag":[306,345,231,316],"class_list":{"0":"post-29897","1":"product","2":"type-product","3":"status-publish","4":"has-post-thumbnail","6":"product_cat-boite-avec-couvercle","7":"product_cat-ceramiques-peintes","8":"product_tag-brun-et-blanc","9":"product_tag-fleurs","10":"product_tag-lievre","11":"product_tag-sgraffito-fr","13":"first","14":"instock","15":"shipping-taxable","16":"purchasable","17":"product-type-simple"},"aioseo_notices":[],"_links":{"self":[{"href":"https:\/\/www.datcha.ca\/la_datcha\/fr\/wp-json\/wp\/v2\/product\/29897","targetHints":{"allow":["GET"]}}],"collection":[{"href":"https:\/\/www.datcha.ca\/la_datcha\/fr\/wp-json\/wp\/v2\/product"}],"about":[{"href":"https:\/\/www.datcha.ca\/la_datcha\/fr\/wp-json\/wp\/v2\/types\/product"}],"wp:featuredmedia":[{"embeddable":true,"href":"https:\/\/www.datcha.ca\/la_datcha\/fr\/wp-json\/wp\/v2\/media\/29899"}],"wp:attachment":[{"href":"https:\/\/www.datcha.ca\/la_datcha\/fr\/wp-json\/wp\/v2\/media?parent=29897"}],"wp:term":[{"taxonomy":"product_brand","embeddable":true,"href":"https:\/\/www.datcha.ca\/la_datcha\/fr\/wp-json\/wp\/v2\/product_brand?post=29897"},{"taxonomy":"product_cat","embeddable":true,"href":"https:\/\/www.datcha.ca\/la_datcha\/fr\/wp-json\/wp\/v2\/product_cat?post=29897"},{"taxonomy":"product_tag","embeddable":true,"href":"https:\/\/www.datcha.ca\/la_datcha\/fr\/wp-json\/wp\/v2\/product_tag?post=29897"}],"curies":[{"name":"wp","href":"https:\/\/api.w.org\/{rel}","templated":true}]}}