{"id":29443,"date":"2025-07-07T11:11:46","date_gmt":"2025-07-07T15:11:46","guid":{"rendered":"https:\/\/www.datcha.ca\/la_datcha\/?post_type=product&#038;p=29443"},"modified":"2026-04-04T12:19:46","modified_gmt":"2026-04-04T16:19:46","slug":"bol-terracotta-avec-coulisses-rutile-copy-3","status":"publish","type":"product","link":"https:\/\/www.datcha.ca\/la_datcha\/fr\/produit\/bol-terracotta-avec-coulisses-rutile-copy-3\/","title":{"rendered":"Grand bol avec \u00e9mail cr\u00e8me"},"content":{"rendered":"","protected":false},"excerpt":{"rendered":"<p>Gr\u00e8s brun p\u00e2le<br \/>Gla\u00e7ure rutile <br \/>24.5 cm x 11.5 cm<\/p>\n","protected":false},"featured_media":29886,"template":"","meta":{"_et_pb_use_builder":"","_et_pb_old_content":"","_et_gb_content_width":"","ngg_post_thumbnail":0},"product_brand":[],"product_cat":[374,172],"product_tag":[343,204],"class_list":{"0":"post-29443","1":"product","2":"type-product","3":"status-publish","4":"has-post-thumbnail","6":"product_cat-bol","7":"product_cat-ceramiques","8":"product_tag-creme-et-brun","9":"product_tag-minimal-fr","11":"first","12":"instock","13":"shipping-taxable","14":"purchasable","15":"product-type-simple"},"aioseo_notices":[],"_links":{"self":[{"href":"https:\/\/www.datcha.ca\/la_datcha\/fr\/wp-json\/wp\/v2\/product\/29443","targetHints":{"allow":["GET"]}}],"collection":[{"href":"https:\/\/www.datcha.ca\/la_datcha\/fr\/wp-json\/wp\/v2\/product"}],"about":[{"href":"https:\/\/www.datcha.ca\/la_datcha\/fr\/wp-json\/wp\/v2\/types\/product"}],"wp:featuredmedia":[{"embeddable":true,"href":"https:\/\/www.datcha.ca\/la_datcha\/fr\/wp-json\/wp\/v2\/media\/29886"}],"wp:attachment":[{"href":"https:\/\/www.datcha.ca\/la_datcha\/fr\/wp-json\/wp\/v2\/media?parent=29443"}],"wp:term":[{"taxonomy":"product_brand","embeddable":true,"href":"https:\/\/www.datcha.ca\/la_datcha\/fr\/wp-json\/wp\/v2\/product_brand?post=29443"},{"taxonomy":"product_cat","embeddable":true,"href":"https:\/\/www.datcha.ca\/la_datcha\/fr\/wp-json\/wp\/v2\/product_cat?post=29443"},{"taxonomy":"product_tag","embeddable":true,"href":"https:\/\/www.datcha.ca\/la_datcha\/fr\/wp-json\/wp\/v2\/product_tag?post=29443"}],"curies":[{"name":"wp","href":"https:\/\/api.w.org\/{rel}","templated":true}]}}