{"id":29428,"date":"2025-07-03T09:46:44","date_gmt":"2025-07-03T13:46:44","guid":{"rendered":"https:\/\/www.datcha.ca\/la_datcha\/?post_type=product&#038;p=29428"},"modified":"2026-04-04T12:18:58","modified_gmt":"2026-04-04T16:18:58","slug":"pot-avec-couvercle-et-feuillage-copy-2","status":"publish","type":"product","link":"https:\/\/www.datcha.ca\/la_datcha\/fr\/produit\/pot-avec-couvercle-et-feuillage-copy-2\/","title":{"rendered":"Boite avec couvercle, renards et fleurs"},"content":{"rendered":"","protected":false},"excerpt":{"rendered":"<p>Gr\u00e8s brun<br \/>Sous-gla\u00e7ures et engobes, \u00e9mail cr\u00e8me \u00e0 l&rsquo;int\u00e9rieur<br \/>9.5 cm x 8.5 cm<\/p>\n","protected":false},"featured_media":29432,"template":"","meta":{"_et_pb_use_builder":"","_et_pb_old_content":"","_et_gb_content_width":"","ngg_post_thumbnail":0},"product_brand":[],"product_cat":[375,173],"product_tag":[306,345,344],"class_list":{"0":"post-29428","1":"product","2":"type-product","3":"status-publish","4":"has-post-thumbnail","6":"product_cat-boite-avec-couvercle","7":"product_cat-ceramiques-peintes","8":"product_tag-brun-et-blanc","9":"product_tag-fleurs","10":"product_tag-renards","12":"first","13":"instock","14":"shipping-taxable","15":"purchasable","16":"product-type-simple"},"aioseo_notices":[],"_links":{"self":[{"href":"https:\/\/www.datcha.ca\/la_datcha\/fr\/wp-json\/wp\/v2\/product\/29428","targetHints":{"allow":["GET"]}}],"collection":[{"href":"https:\/\/www.datcha.ca\/la_datcha\/fr\/wp-json\/wp\/v2\/product"}],"about":[{"href":"https:\/\/www.datcha.ca\/la_datcha\/fr\/wp-json\/wp\/v2\/types\/product"}],"wp:featuredmedia":[{"embeddable":true,"href":"https:\/\/www.datcha.ca\/la_datcha\/fr\/wp-json\/wp\/v2\/media\/29432"}],"wp:attachment":[{"href":"https:\/\/www.datcha.ca\/la_datcha\/fr\/wp-json\/wp\/v2\/media?parent=29428"}],"wp:term":[{"taxonomy":"product_brand","embeddable":true,"href":"https:\/\/www.datcha.ca\/la_datcha\/fr\/wp-json\/wp\/v2\/product_brand?post=29428"},{"taxonomy":"product_cat","embeddable":true,"href":"https:\/\/www.datcha.ca\/la_datcha\/fr\/wp-json\/wp\/v2\/product_cat?post=29428"},{"taxonomy":"product_tag","embeddable":true,"href":"https:\/\/www.datcha.ca\/la_datcha\/fr\/wp-json\/wp\/v2\/product_tag?post=29428"}],"curies":[{"name":"wp","href":"https:\/\/api.w.org\/{rel}","templated":true}]}}