{"id":28907,"date":"2025-02-08T15:28:01","date_gmt":"2025-02-08T20:28:01","guid":{"rendered":"https:\/\/www.datcha.ca\/la_datcha\/?post_type=product&#038;p=28907"},"modified":"2026-04-04T12:20:20","modified_gmt":"2026-04-04T16:20:20","slug":"assiettes-avec-tortues-rouges-copy","status":"publish","type":"product","link":"https:\/\/www.datcha.ca\/la_datcha\/fr\/produit\/assiettes-avec-tortues-rouges-copy\/","title":{"rendered":"Pot avec couvercle et feuillage"},"content":{"rendered":"","protected":false},"excerpt":{"rendered":"<p>Gr\u00e8s brun<br \/>Sous-gla\u00e7ure blanche, \u00e9mail transparent \u00e0 l&rsquo;int\u00e9rieur<br \/>7.5 cm x 8.5 cm<\/p>\n","protected":false},"featured_media":28909,"template":"","meta":{"_et_pb_use_builder":"","_et_pb_old_content":"","_et_gb_content_width":"","ngg_post_thumbnail":0},"product_brand":[],"product_cat":[256],"product_tag":[306,360,362],"class_list":{"0":"post-28907","1":"product","2":"type-product","3":"status-publish","4":"has-post-thumbnail","6":"product_cat-vendu","7":"product_tag-brun-et-blanc","8":"product_tag-feuillage","9":"product_tag-pot-avec-couvercle","11":"first","12":"instock","13":"shipping-taxable","14":"purchasable","15":"product-type-simple"},"aioseo_notices":[],"_links":{"self":[{"href":"https:\/\/www.datcha.ca\/la_datcha\/fr\/wp-json\/wp\/v2\/product\/28907","targetHints":{"allow":["GET"]}}],"collection":[{"href":"https:\/\/www.datcha.ca\/la_datcha\/fr\/wp-json\/wp\/v2\/product"}],"about":[{"href":"https:\/\/www.datcha.ca\/la_datcha\/fr\/wp-json\/wp\/v2\/types\/product"}],"wp:featuredmedia":[{"embeddable":true,"href":"https:\/\/www.datcha.ca\/la_datcha\/fr\/wp-json\/wp\/v2\/media\/28909"}],"wp:attachment":[{"href":"https:\/\/www.datcha.ca\/la_datcha\/fr\/wp-json\/wp\/v2\/media?parent=28907"}],"wp:term":[{"taxonomy":"product_brand","embeddable":true,"href":"https:\/\/www.datcha.ca\/la_datcha\/fr\/wp-json\/wp\/v2\/product_brand?post=28907"},{"taxonomy":"product_cat","embeddable":true,"href":"https:\/\/www.datcha.ca\/la_datcha\/fr\/wp-json\/wp\/v2\/product_cat?post=28907"},{"taxonomy":"product_tag","embeddable":true,"href":"https:\/\/www.datcha.ca\/la_datcha\/fr\/wp-json\/wp\/v2\/product_tag?post=28907"}],"curies":[{"name":"wp","href":"https:\/\/api.w.org\/{rel}","templated":true}]}}