{"id":28224,"date":"2022-11-01T16:45:08","date_gmt":"2022-11-02T20:45:08","guid":{"rendered":"https:\/\/www.datcha.ca\/la_datcha\/?post_type=product&#038;p=28224"},"modified":"2022-11-02T16:54:44","modified_gmt":"2022-11-02T20:54:44","slug":"vase-degrade-aqua","status":"publish","type":"product","link":"https:\/\/www.datcha.ca\/la_datcha\/fr\/produit\/vase-degrade-aqua\/","title":{"rendered":"Vase avec d\u00e9grad\u00e9 aqua"},"content":{"rendered":"","protected":false},"excerpt":{"rendered":"<p>Gr\u00e8s blanc<br \/>Pigments aqua, gla\u00e7ure transparente \u00e0 l\u2019int\u00e9rieur et \u00e0 l\u2019ext\u00e9rieur<br \/>10 cm x 14 cm<\/p>\n","protected":false},"featured_media":28110,"template":"","meta":{"_et_pb_use_builder":"","_et_pb_old_content":"","_et_gb_content_width":"","ngg_post_thumbnail":0},"product_brand":[],"product_cat":[256],"product_tag":[268,326,312],"class_list":{"0":"post-28224","1":"product","2":"type-product","3":"status-publish","4":"has-post-thumbnail","6":"product_cat-vendu","7":"product_tag-aqua-fr","8":"product_tag-minimaliste","9":"product_tag-vase-fr","11":"first","12":"instock","13":"shipping-taxable","14":"purchasable","15":"product-type-simple"},"aioseo_notices":[],"_links":{"self":[{"href":"https:\/\/www.datcha.ca\/la_datcha\/fr\/wp-json\/wp\/v2\/product\/28224","targetHints":{"allow":["GET"]}}],"collection":[{"href":"https:\/\/www.datcha.ca\/la_datcha\/fr\/wp-json\/wp\/v2\/product"}],"about":[{"href":"https:\/\/www.datcha.ca\/la_datcha\/fr\/wp-json\/wp\/v2\/types\/product"}],"wp:featuredmedia":[{"embeddable":true,"href":"https:\/\/www.datcha.ca\/la_datcha\/fr\/wp-json\/wp\/v2\/media\/28110"}],"wp:attachment":[{"href":"https:\/\/www.datcha.ca\/la_datcha\/fr\/wp-json\/wp\/v2\/media?parent=28224"}],"wp:term":[{"taxonomy":"product_brand","embeddable":true,"href":"https:\/\/www.datcha.ca\/la_datcha\/fr\/wp-json\/wp\/v2\/product_brand?post=28224"},{"taxonomy":"product_cat","embeddable":true,"href":"https:\/\/www.datcha.ca\/la_datcha\/fr\/wp-json\/wp\/v2\/product_cat?post=28224"},{"taxonomy":"product_tag","embeddable":true,"href":"https:\/\/www.datcha.ca\/la_datcha\/fr\/wp-json\/wp\/v2\/product_tag?post=28224"}],"curies":[{"name":"wp","href":"https:\/\/api.w.org\/{rel}","templated":true}]}}