{"id":26188,"date":"2017-10-31T13:55:58","date_gmt":"2017-10-31T17:55:58","guid":{"rendered":"http:\/\/www.datcha.ca\/la_datcha\/product\/floating-limited-edition-print\/"},"modified":"2018-08-21T10:24:15","modified_gmt":"2018-08-21T14:24:15","slug":"en-suspension-tirage-limite","status":"publish","type":"product","link":"https:\/\/www.datcha.ca\/la_datcha\/fr\/produit\/en-suspension-tirage-limite\/","title":{"rendered":"En suspension : Tirage limit\u00e9"},"content":{"rendered":"","protected":false},"excerpt":{"rendered":"<p><span class=\"archival\">TIRAGE DE QUALIT\u00c9 D\u2019ARCHIVES<\/span><br \/>\nUn tirage limit\u00e9 \u00e0 partir de la peinture <em>En suspension<\/em>, imprim\u00e9 sur du papier sans acide avec des encres d\u2019archives. Il y a un pourtour blanc appropri\u00e9 pour un encadrement.<br \/>\nChaque tirage est sign\u00e9, num\u00e9rot\u00e9 et dat\u00e9.<br \/>\nTirage de 100<br \/>\nGrammage du papier : 190 gsm<br \/>\nTaille 8 1\/2\u2033 x 11\u2033<\/p>\n<h6><a href=\"http:\/\/etsy.com\">Acheter sur Etsy<\/a><\/h6>\n","protected":false},"featured_media":25579,"template":"","meta":{"_et_pb_use_builder":"","_et_pb_old_content":"","_et_gb_content_width":"","ngg_post_thumbnail":0},"product_brand":[],"product_cat":[176],"product_tag":[188,184,187,185,186],"class_list":{"0":"post-26188","1":"product","2":"type-product","3":"status-publish","4":"has-post-thumbnail","6":"product_cat-tirages","7":"product_tag-arbre","8":"product_tag-bleu","9":"product_tag-champignon","10":"product_tag-gazelle-fr","11":"product_tag-vert","13":"first","14":"instock","15":"shipping-taxable","16":"purchasable","17":"product-type-simple"},"aioseo_notices":[],"_links":{"self":[{"href":"https:\/\/www.datcha.ca\/la_datcha\/fr\/wp-json\/wp\/v2\/product\/26188","targetHints":{"allow":["GET"]}}],"collection":[{"href":"https:\/\/www.datcha.ca\/la_datcha\/fr\/wp-json\/wp\/v2\/product"}],"about":[{"href":"https:\/\/www.datcha.ca\/la_datcha\/fr\/wp-json\/wp\/v2\/types\/product"}],"wp:featuredmedia":[{"embeddable":true,"href":"https:\/\/www.datcha.ca\/la_datcha\/fr\/wp-json\/wp\/v2\/media\/25579"}],"wp:attachment":[{"href":"https:\/\/www.datcha.ca\/la_datcha\/fr\/wp-json\/wp\/v2\/media?parent=26188"}],"wp:term":[{"taxonomy":"product_brand","embeddable":true,"href":"https:\/\/www.datcha.ca\/la_datcha\/fr\/wp-json\/wp\/v2\/product_brand?post=26188"},{"taxonomy":"product_cat","embeddable":true,"href":"https:\/\/www.datcha.ca\/la_datcha\/fr\/wp-json\/wp\/v2\/product_cat?post=26188"},{"taxonomy":"product_tag","embeddable":true,"href":"https:\/\/www.datcha.ca\/la_datcha\/fr\/wp-json\/wp\/v2\/product_tag?post=26188"}],"curies":[{"name":"wp","href":"https:\/\/api.w.org\/{rel}","templated":true}]}}