{"id":25915,"date":"2018-07-28T14:14:44","date_gmt":"2018-07-28T18:14:45","guid":{"rendered":"http:\/\/www.datcha.ca\/la_datcha\/?post_type=product&#038;p=25915"},"modified":"2022-10-30T16:46:33","modified_gmt":"2022-10-30T20:46:33","slug":"gobelet-gris","status":"publish","type":"product","link":"https:\/\/www.datcha.ca\/la_datcha\/fr\/produit\/gobelet-gris\/","title":{"rendered":"Gobelet gris"},"content":{"rendered":"","protected":false},"excerpt":{"rendered":"<p><span class=\"archival\">Gobelet fait main<\/span> Gr\u00e8s de couleur grise L&rsquo;ext\u00e9rieur est cru (sans gla\u00e7ure), l&rsquo;int\u00e9rieur est recouvert d&rsquo;une gla\u00e7ure c\u00e9ladon transparente. Diam\u00e8tre : 7 cm (dans le haut) Hauteur : 10 cm<\/p>\n","protected":false},"featured_media":25917,"template":"","meta":{"_et_pb_use_builder":"","_et_pb_old_content":"","_et_gb_content_width":"","ngg_post_thumbnail":0},"product_brand":[],"product_cat":[256],"product_tag":[191,202,223,204],"class_list":{"0":"post-25915","1":"product","2":"type-product","3":"status-publish","4":"has-post-thumbnail","6":"product_cat-vendu","7":"product_tag-contemporain","8":"product_tag-gobelet","9":"product_tag-gris","10":"product_tag-minimal-fr","12":"first","13":"instock","14":"shipping-taxable","15":"purchasable","16":"product-type-simple"},"aioseo_notices":[],"_links":{"self":[{"href":"https:\/\/www.datcha.ca\/la_datcha\/fr\/wp-json\/wp\/v2\/product\/25915","targetHints":{"allow":["GET"]}}],"collection":[{"href":"https:\/\/www.datcha.ca\/la_datcha\/fr\/wp-json\/wp\/v2\/product"}],"about":[{"href":"https:\/\/www.datcha.ca\/la_datcha\/fr\/wp-json\/wp\/v2\/types\/product"}],"wp:featuredmedia":[{"embeddable":true,"href":"https:\/\/www.datcha.ca\/la_datcha\/fr\/wp-json\/wp\/v2\/media\/25917"}],"wp:attachment":[{"href":"https:\/\/www.datcha.ca\/la_datcha\/fr\/wp-json\/wp\/v2\/media?parent=25915"}],"wp:term":[{"taxonomy":"product_brand","embeddable":true,"href":"https:\/\/www.datcha.ca\/la_datcha\/fr\/wp-json\/wp\/v2\/product_brand?post=25915"},{"taxonomy":"product_cat","embeddable":true,"href":"https:\/\/www.datcha.ca\/la_datcha\/fr\/wp-json\/wp\/v2\/product_cat?post=25915"},{"taxonomy":"product_tag","embeddable":true,"href":"https:\/\/www.datcha.ca\/la_datcha\/fr\/wp-json\/wp\/v2\/product_tag?post=25915"}],"curies":[{"name":"wp","href":"https:\/\/api.w.org\/{rel}","templated":true}]}}