{"id":25766,"date":"2017-10-30T14:15:30","date_gmt":"2017-10-30T18:15:30","guid":{"rendered":"http:\/\/www.datcha.ca\/la_datcha\/product\/galet-garcon-lapin\/"},"modified":"2018-04-17T16:16:05","modified_gmt":"2018-04-17T20:16:05","slug":"galet-garcon-lapin","status":"publish","type":"product","link":"https:\/\/www.datcha.ca\/la_datcha\/fr\/produit\/galet-garcon-lapin\/","title":{"rendered":"Galet gar\u00e7on-lapin"},"content":{"rendered":"","protected":false},"excerpt":{"rendered":"<p class=\"archival\">PASTEL SUR\u00a0 PIERRE<\/p>\n<p>Dessin au pastel d&rsquo;un gar\u00e7on-lapin sur un galet provenant des berges de la Gasp\u00e9sie (Qu\u00e9bec).<\/p>\n<p>Taille : 7.5 cm x 4.5 cm<\/p>\n<h6><a href=\"http:\/\/etsy.com\">Acheter sur Etsy<\/a><\/h6>\n","protected":false},"featured_media":25548,"template":"","meta":{"_et_pb_use_builder":"","_et_pb_old_content":"","_et_gb_content_width":"","ngg_post_thumbnail":0},"product_brand":[],"product_cat":[174,175],"product_tag":[201],"class_list":{"0":"post-25766","1":"product","2":"type-product","3":"status-publish","4":"has-post-thumbnail","6":"product_cat-autres","7":"product_cat-galets-peints","8":"product_tag-galet-peint","10":"first","11":"instock","12":"shipping-taxable","13":"purchasable","14":"product-type-simple"},"aioseo_notices":[],"_links":{"self":[{"href":"https:\/\/www.datcha.ca\/la_datcha\/fr\/wp-json\/wp\/v2\/product\/25766","targetHints":{"allow":["GET"]}}],"collection":[{"href":"https:\/\/www.datcha.ca\/la_datcha\/fr\/wp-json\/wp\/v2\/product"}],"about":[{"href":"https:\/\/www.datcha.ca\/la_datcha\/fr\/wp-json\/wp\/v2\/types\/product"}],"wp:featuredmedia":[{"embeddable":true,"href":"https:\/\/www.datcha.ca\/la_datcha\/fr\/wp-json\/wp\/v2\/media\/25548"}],"wp:attachment":[{"href":"https:\/\/www.datcha.ca\/la_datcha\/fr\/wp-json\/wp\/v2\/media?parent=25766"}],"wp:term":[{"taxonomy":"product_brand","embeddable":true,"href":"https:\/\/www.datcha.ca\/la_datcha\/fr\/wp-json\/wp\/v2\/product_brand?post=25766"},{"taxonomy":"product_cat","embeddable":true,"href":"https:\/\/www.datcha.ca\/la_datcha\/fr\/wp-json\/wp\/v2\/product_cat?post=25766"},{"taxonomy":"product_tag","embeddable":true,"href":"https:\/\/www.datcha.ca\/la_datcha\/fr\/wp-json\/wp\/v2\/product_tag?post=25766"}],"curies":[{"name":"wp","href":"https:\/\/api.w.org\/{rel}","templated":true}]}}