{"id":25764,"date":"2017-10-31T11:16:22","date_gmt":"2017-10-31T15:16:22","guid":{"rendered":"http:\/\/www.datcha.ca\/la_datcha\/product\/la-foret-de-champignons-tirage-limite\/"},"modified":"2018-08-21T14:12:11","modified_gmt":"2018-08-21T18:12:11","slug":"la-foret-de-champignons-tirage-limite","status":"publish","type":"product","link":"https:\/\/www.datcha.ca\/la_datcha\/fr\/produit\/la-foret-de-champignons-tirage-limite\/","title":{"rendered":"La for\u00eat de champignons : tirage limit\u00e9"},"content":{"rendered":"","protected":false},"excerpt":{"rendered":"<p><span class=\"archival\">TIRAGE DE QUALIT\u00c9 D&rsquo;ARCHIVES<\/span><\/p>\n<p>Un tirage limit\u00e9 \u00e0 partir du dessin <em>La for\u00eat de champignons<\/em>, imprim\u00e9 sur du papier sans acide avec des encres d&rsquo;archives. Il y a un pourtour blanc appropri\u00e9 pour un encadrement. Chaque tirage est sign\u00e9, num\u00e9rot\u00e9 et dat\u00e9.<\/p>\n<p>Tirage de 100<br \/>\nGrammage du papier : 190 gsm<br \/>\n<strong>Taille 8 1\/2&Prime; x 11&Prime;<\/strong><\/p>\n<h6><a href=\"http:\/\/etsy.com\">Acheter sur Etsy<\/a><\/h6>\n","protected":false},"featured_media":26143,"template":"","meta":{"_et_pb_use_builder":"","_et_pb_old_content":"","_et_gb_content_width":"","ngg_post_thumbnail":0},"product_brand":[],"product_cat":[176],"product_tag":[199,200],"class_list":{"0":"post-25764","1":"product","2":"type-product","3":"status-publish","4":"has-post-thumbnail","6":"product_cat-tirages","7":"product_tag-champignons","8":"product_tag-foret","10":"first","11":"instock","12":"downloadable","13":"shipping-taxable","14":"purchasable","15":"product-type-simple"},"aioseo_notices":[],"_links":{"self":[{"href":"https:\/\/www.datcha.ca\/la_datcha\/fr\/wp-json\/wp\/v2\/product\/25764","targetHints":{"allow":["GET"]}}],"collection":[{"href":"https:\/\/www.datcha.ca\/la_datcha\/fr\/wp-json\/wp\/v2\/product"}],"about":[{"href":"https:\/\/www.datcha.ca\/la_datcha\/fr\/wp-json\/wp\/v2\/types\/product"}],"wp:featuredmedia":[{"embeddable":true,"href":"https:\/\/www.datcha.ca\/la_datcha\/fr\/wp-json\/wp\/v2\/media\/26143"}],"wp:attachment":[{"href":"https:\/\/www.datcha.ca\/la_datcha\/fr\/wp-json\/wp\/v2\/media?parent=25764"}],"wp:term":[{"taxonomy":"product_brand","embeddable":true,"href":"https:\/\/www.datcha.ca\/la_datcha\/fr\/wp-json\/wp\/v2\/product_brand?post=25764"},{"taxonomy":"product_cat","embeddable":true,"href":"https:\/\/www.datcha.ca\/la_datcha\/fr\/wp-json\/wp\/v2\/product_cat?post=25764"},{"taxonomy":"product_tag","embeddable":true,"href":"https:\/\/www.datcha.ca\/la_datcha\/fr\/wp-json\/wp\/v2\/product_tag?post=25764"}],"curies":[{"name":"wp","href":"https:\/\/api.w.org\/{rel}","templated":true}]}}