{"id":25763,"date":"2017-10-31T12:17:43","date_gmt":"2017-10-31T16:17:43","guid":{"rendered":"http:\/\/www.datcha.ca\/la_datcha\/product\/fiere-autruche-tirage-limite\/"},"modified":"2018-08-26T20:39:57","modified_gmt":"2018-08-27T00:39:57","slug":"fiere-autruche-tirage-limite","status":"publish","type":"product","link":"https:\/\/www.datcha.ca\/la_datcha\/fr\/produit\/fiere-autruche-tirage-limite\/","title":{"rendered":"Fi\u00e8re autruche : tirage limit\u00e9"},"content":{"rendered":"<p>Toutes les \u0153uvres sur ce site ont \u00e9t\u00e9 r\u00e9alis\u00e9es par moi (Julie Lapointe, alias La Datcha).<\/p>\n<p>Tous les tirages sont imprim\u00e9es sur du papier de qualit\u00e9 mus\u00e9ale sans acide, avec des encres pigmentaires ultrachrome K3. Ces papiers sont con\u00e7us pour r\u00e9pondre aux normes de long\u00e9vit\u00e9 des galeries et mus\u00e9es et garantir la constance des teintes jusqu&rsquo;\u00e0 une centaine d&rsquo;ann\u00e9es.<\/p>\n<p>Les reproductions sont post\u00e9es \u00e0 plat, dans une enveloppe plastifi\u00e9e, \u00e0 l&rsquo;int\u00e9rieur d&rsquo;une enveloppe cartonn\u00e9e \u00ab\u00a0stay flat\u00a0\u00bb, avec la mention \u00ab\u00a0NE PAS PLIER\u00a0\u00bb.<\/p>\n<p>Les imprim\u00e9s n&rsquo;incluent pas le cadre et le passe-partout. Ils sont post\u00e9s \u00e0 partir de Montr\u00e9al, au Canada.<\/p>\n<p>L&rsquo;achat d&rsquo;une de mes oeuvres, tirages ou autres, ne transf\u00e8re pas les droits de reproduction.<\/p>\n<p>Vous avez des questions? La FAQ pourra peut-\u00eatre y r\u00e9pondre! Vous pouvez \u00e9galement me contacter.<\/p>\n","protected":false},"excerpt":{"rendered":"<p><span class=\"archival\">TIRAGE DE QUALIT\u00c9 D&rsquo;ARCHIVES<\/span><br \/>\nUn tirage limit\u00e9 \u00e0 partir de la peinture <em>Fi\u00e8re autruche<\/em>, imprim\u00e9 sur du papier sans acide avec des encres d&rsquo;archives. Il y a un pourtour blanc appropri\u00e9 pour un encadrement.<br \/>\nChaque tirage est sign\u00e9, num\u00e9rot\u00e9 et dat\u00e9.<br \/>\nTirage de 100<br \/>\nGrammage du papier : 190 gsm<br \/>\n<strong>Taille 8&Prime; x 10&Prime;<\/strong><\/p>\n<h6><a href=\"http:\/\/etsy.com\">Acheter sur Etsy<\/a><\/h6>\n","protected":false},"featured_media":26217,"template":"","meta":{"_et_pb_use_builder":"","_et_pb_old_content":"","_et_gb_content_width":"","ngg_post_thumbnail":0},"product_brand":[],"product_cat":[176],"product_tag":[198,197,196],"class_list":{"0":"post-25763","1":"product","2":"type-product","3":"status-publish","4":"has-post-thumbnail","6":"product_cat-tirages","7":"product_tag-autruche","8":"product_tag-bleu-et-brun","9":"product_tag-oiseau","11":"first","12":"instock","13":"shipping-taxable","14":"purchasable","15":"product-type-simple"},"aioseo_notices":[],"_links":{"self":[{"href":"https:\/\/www.datcha.ca\/la_datcha\/fr\/wp-json\/wp\/v2\/product\/25763","targetHints":{"allow":["GET"]}}],"collection":[{"href":"https:\/\/www.datcha.ca\/la_datcha\/fr\/wp-json\/wp\/v2\/product"}],"about":[{"href":"https:\/\/www.datcha.ca\/la_datcha\/fr\/wp-json\/wp\/v2\/types\/product"}],"wp:featuredmedia":[{"embeddable":true,"href":"https:\/\/www.datcha.ca\/la_datcha\/fr\/wp-json\/wp\/v2\/media\/26217"}],"wp:attachment":[{"href":"https:\/\/www.datcha.ca\/la_datcha\/fr\/wp-json\/wp\/v2\/media?parent=25763"}],"wp:term":[{"taxonomy":"product_brand","embeddable":true,"href":"https:\/\/www.datcha.ca\/la_datcha\/fr\/wp-json\/wp\/v2\/product_brand?post=25763"},{"taxonomy":"product_cat","embeddable":true,"href":"https:\/\/www.datcha.ca\/la_datcha\/fr\/wp-json\/wp\/v2\/product_cat?post=25763"},{"taxonomy":"product_tag","embeddable":true,"href":"https:\/\/www.datcha.ca\/la_datcha\/fr\/wp-json\/wp\/v2\/product_tag?post=25763"}],"curies":[{"name":"wp","href":"https:\/\/api.w.org\/{rel}","templated":true}]}}