{"id":25685,"date":"2018-04-06T11:44:58","date_gmt":"2018-04-06T15:44:58","guid":{"rendered":"http:\/\/www.datcha.ca\/la_datcha\/tirages-et-oeuvres-originales\/"},"modified":"2018-08-21T13:48:17","modified_gmt":"2018-08-21T17:48:17","slug":"tirages-et-oeuvres-originales","status":"publish","type":"page","link":"https:\/\/www.datcha.ca\/la_datcha\/fr\/tirages-et-oeuvres-originales\/","title":{"rendered":"Tirages et \u0153uvres originales"},"content":{"rendered":"<p>[et_pb_section bb_built=\u00a0\u00bb1&Prime; admin_label=\u00a0\u00bbsection\u00a0\u00bb][et_pb_row admin_label=\u00a0\u00bbrow\u00a0\u00bb background_position=\u00a0\u00bbtop_left\u00a0\u00bb background_repeat=\u00a0\u00bbrepeat\u00a0\u00bb background_size=\u00a0\u00bbinitial\u00a0\u00bb][et_pb_column type=\u00a0\u00bb4_4&Prime;][et_pb_text background_layout=\u00a0\u00bblight\u00a0\u00bb text_orientation=\u00a0\u00bbleft\u00a0\u00bb use_border_color=\u00a0\u00bboff\u00a0\u00bb border_color=\u00a0\u00bb#ffffff\u00a0\u00bb border_style=\u00a0\u00bbsolid\u00a0\u00bb background_position=\u00a0\u00bbtop_left\u00a0\u00bb background_repeat=\u00a0\u00bbrepeat\u00a0\u00bb background_size=\u00a0\u00bbinitial\u00a0\u00bb]<\/p>\n<h1 style=\"text-align: center;\">Magasinez les tirages et les \u0153uvres originales<\/h1>\n<p>[\/et_pb_text][et_pb_text admin_label=\u00a0\u00bbCategories\u00a0\u00bb use_border_color=\u00a0\u00bboff\u00a0\u00bb background_position=\u00a0\u00bbtop_left\u00a0\u00bb background_repeat=\u00a0\u00bbrepeat\u00a0\u00bb background_size=\u00a0\u00bbinitial\u00a0\u00bb _builder_version=\u00a0\u00bb3.12.2&Prime;]<\/p>\n<p class=\"catshop\"><a href=\"https:\/\/www.datcha.ca\/la_datcha\/fr\/boutique\/\">Tout<\/a> | <a href=\"https:\/\/www.datcha.ca\/la_datcha\/fr\/ceramiques\/\">C\u00e9ramiques<\/a> | <a href=\"https:\/\/www.datcha.ca\/la_datcha\/fr\/ceramiques-illustrees\/\">C\u00e9ramiques illustr\u00e9es<\/a> | <a href=\"https:\/\/www.datcha.ca\/la_datcha\/fr\/tirages-et-oeuvres-originales\/\">Tirages et \u0153uvres originales<\/a> | <a href=\"https:\/\/www.datcha.ca\/la_datcha\/fr\/autres\/\">Autres<\/a><\/p>\n<p>[\/et_pb_text][et_pb_shop type=\u00a0\u00bbproduct_category\u00a0\u00bb include_categories=\u00a0\u00bb176&Prime; columns_number=\u00a0\u00bb3&Prime; orderby=\u00a0\u00bbmenu_order\u00a0\u00bb _builder_version=\u00a0\u00bb3.0.106&Prime; \/][\/et_pb_column][\/et_pb_row][\/et_pb_section]<\/p>\n","protected":false},"excerpt":{"rendered":"<p>Magasinez les tirages et les \u0153uvres originales Tout | C\u00e9ramiques | C\u00e9ramiques illustr\u00e9es | Tirages et \u0153uvres originales | Autres<\/p>\n","protected":false},"author":3,"featured_media":0,"parent":0,"menu_order":0,"comment_status":"closed","ping_status":"closed","template":"","meta":{"_et_pb_use_builder":"on","_et_pb_old_content":"","_et_gb_content_width":"","ngg_post_thumbnail":0,"footnotes":""},"class_list":["post-25685","page","type-page","status-publish","hentry"],"aioseo_notices":[],"_links":{"self":[{"href":"https:\/\/www.datcha.ca\/la_datcha\/fr\/wp-json\/wp\/v2\/pages\/25685","targetHints":{"allow":["GET"]}}],"collection":[{"href":"https:\/\/www.datcha.ca\/la_datcha\/fr\/wp-json\/wp\/v2\/pages"}],"about":[{"href":"https:\/\/www.datcha.ca\/la_datcha\/fr\/wp-json\/wp\/v2\/types\/page"}],"author":[{"embeddable":true,"href":"https:\/\/www.datcha.ca\/la_datcha\/fr\/wp-json\/wp\/v2\/users\/3"}],"replies":[{"embeddable":true,"href":"https:\/\/www.datcha.ca\/la_datcha\/fr\/wp-json\/wp\/v2\/comments?post=25685"}],"version-history":[{"count":0,"href":"https:\/\/www.datcha.ca\/la_datcha\/fr\/wp-json\/wp\/v2\/pages\/25685\/revisions"}],"wp:attachment":[{"href":"https:\/\/www.datcha.ca\/la_datcha\/fr\/wp-json\/wp\/v2\/media?parent=25685"}],"curies":[{"name":"wp","href":"https:\/\/api.w.org\/{rel}","templated":true}]}}