{"id":25679,"date":"2018-04-06T10:25:16","date_gmt":"2018-04-06T14:25:16","guid":{"rendered":"http:\/\/www.datcha.ca\/la_datcha\/boutique\/"},"modified":"2026-04-09T15:47:18","modified_gmt":"2026-04-09T19:47:18","slug":"boutique","status":"publish","type":"page","link":"https:\/\/www.datcha.ca\/la_datcha\/fr\/boutique\/","title":{"rendered":"Boutique"},"content":{"rendered":"<p>[et_pb_section fb_built=\u00a0\u00bb1&Prime; admin_label=\u00a0\u00bbHeader\u00a0\u00bb _builder_version=\u00a0\u00bb4.27.6&Prime; _module_preset=\u00a0\u00bbdefault\u00a0\u00bb use_background_color_gradient=\u00a0\u00bbon\u00a0\u00bb background_color_gradient_stops=\u00a0\u00bbrgba(44,18,0,0.3) 0%|rgba(44,18,0,0.3) 100%\u00a0\u00bb background_color_gradient_overlays_image=\u00a0\u00bbon\u00a0\u00bb background_image=\u00a0\u00bbhttps:\/\/www.datcha.ca\/la_datcha\/wp-content\/uploads\/2026\/01\/all-scaled.jpg\u00a0\u00bb background_position=\u00a0\u00bbtop_center\u00a0\u00bb custom_padding=\u00a0\u00bb0px||0px||true|false\u00a0\u00bb collapsed=\u00a0\u00bbon\u00a0\u00bb global_colors_info=\u00a0\u00bb{}\u00a0\u00bb][et_pb_row _builder_version=\u00a0\u00bb4.21.0&Prime; _module_preset=\u00a0\u00bbdefault\u00a0\u00bb width=\u00a0\u00bb100%\u00a0\u00bb max_width=\u00a0\u00bbnone\u00a0\u00bb custom_padding=\u00a0\u00bb0px|10vw|0px|10vw|true|true\u00a0\u00bb global_colors_info=\u00a0\u00bb{}\u00a0\u00bb][et_pb_column type=\u00a0\u00bb4_4&Prime; _builder_version=\u00a0\u00bb4.21.0&Prime; _module_preset=\u00a0\u00bbdefault\u00a0\u00bb border_color_all=\u00a0\u00bbrgba(243,239,229,0.3)\u00a0\u00bb border_width_right=\u00a0\u00bb1px\u00a0\u00bb border_width_left=\u00a0\u00bb1px\u00a0\u00bb global_colors_info=\u00a0\u00bb{}\u00a0\u00bb][et_pb_divider show_divider=\u00a0\u00bboff\u00a0\u00bb _builder_version=\u00a0\u00bb4.27.5&Prime; _module_preset=\u00a0\u00bbdefault\u00a0\u00bb height=\u00a0\u00bb23vw\u00a0\u00bb height_last_edited=\u00a0\u00bboff|tablet\u00a0\u00bb locked=\u00a0\u00bboff\u00a0\u00bb global_colors_info=\u00a0\u00bb{}\u00a0\u00bb][\/et_pb_divider][\/et_pb_column][\/et_pb_row][et_pb_row column_structure=\u00a0\u00bb2_3,1_3&Prime; use_custom_gutter=\u00a0\u00bbon\u00a0\u00bb gutter_width=\u00a0\u00bb1&Prime; make_equal=\u00a0\u00bbon\u00a0\u00bb _builder_version=\u00a0\u00bb4.21.0&Prime; _module_preset=\u00a0\u00bbdefault\u00a0\u00bb width=\u00a0\u00bb100%\u00a0\u00bb max_width=\u00a0\u00bbnone\u00a0\u00bb custom_padding=\u00a0\u00bb0px|10vw|0px|10vw|true|true\u00a0\u00bb border_color_all=\u00a0\u00bbrgba(243,239,229,0.3)\u00a0\u00bb border_width_top=\u00a0\u00bb1px\u00a0\u00bb border_width_bottom=\u00a0\u00bb1px\u00a0\u00bb global_colors_info=\u00a0\u00bb{}\u00a0\u00bb][et_pb_column type=\u00a0\u00bb2_3&Prime; _builder_version=\u00a0\u00bb4.21.0&Prime; _module_preset=\u00a0\u00bbdefault\u00a0\u00bb custom_padding=\u00a0\u00bb3vw|3vw|3vw|3vw|true|true\u00a0\u00bb border_color_all=\u00a0\u00bbrgba(243,239,229,0.3)\u00a0\u00bb border_width_right=\u00a0\u00bb1px\u00a0\u00bb border_width_left=\u00a0\u00bb1px\u00a0\u00bb global_colors_info=\u00a0\u00bb{}\u00a0\u00bb][et_pb_text _builder_version=\u00a0\u00bb4.27.6&Prime; _module_preset=\u00a0\u00bb_initial\u00a0\u00bb header_font=\u00a0\u00bbPrata||||||||\u00a0\u00bb header_text_color=\u00a0\u00bb#FFFFFF\u00a0\u00bb header_font_size=\u00a0\u00bb64px\u00a0\u00bb header_line_height=\u00a0\u00bb1.2em\u00a0\u00bb custom_margin=\u00a0\u00bb||10px||false|false\u00a0\u00bb hover_enabled=\u00a0\u00bb0&Prime; header_font_size_tablet=\u00a0\u00bb50px\u00a0\u00bb header_font_size_phone=\u00a0\u00bb40px\u00a0\u00bb header_font_size_last_edited=\u00a0\u00bbon|phone\u00a0\u00bb locked=\u00a0\u00bboff\u00a0\u00bb global_colors_info=\u00a0\u00bb{}\u00a0\u00bb sticky_enabled=\u00a0\u00bb0&Prime;]<\/p>\n<h1>Boutique<\/h1>\n<p>[\/et_pb_text][et_pb_text _builder_version=\u00a0\u00bb4.27.6&Prime; _module_preset=\u00a0\u00bb_initial\u00a0\u00bb text_font=\u00a0\u00bb|300|on||||||\u00a0\u00bb text_text_color=\u00a0\u00bb#FFFFFF\u00a0\u00bb text_font_size=\u00a0\u00bb22px\u00a0\u00bb text_letter_spacing=\u00a0\u00bb0.5px\u00a0\u00bb text_line_height=\u00a0\u00bb1.8em\u00a0\u00bb max_width=\u00a0\u00bb700px\u00a0\u00bb custom_padding=\u00a0\u00bb||0px|||\u00a0\u00bb animation_style=\u00a0\u00bbfade\u00a0\u00bb hover_enabled=\u00a0\u00bb0&Prime; text_font_size_tablet=\u00a0\u00bb18px\u00a0\u00bb text_font_size_phone=\u00a0\u00bb18px\u00a0\u00bb text_font_size_last_edited=\u00a0\u00bbon|phone\u00a0\u00bb locked=\u00a0\u00bboff\u00a0\u00bb global_colors_info=\u00a0\u00bb{}\u00a0\u00bb sticky_enabled=\u00a0\u00bb0&Prime;]<\/p>\n<p>Une pi\u00e8ce vous int\u00e9resse?<\/p>\n<p>[\/et_pb_text][et_pb_button button_url=\u00a0\u00bbhttps:\/\/www.datcha.ca\/la_datcha\/fr\/contact\/\u00a0\u00bb button_text=\u00a0\u00bbContactez-moi !\u00a0\u00bb _builder_version=\u00a0\u00bb4.27.6&Prime; _module_preset=\u00a0\u00bbdefault\u00a0\u00bb custom_button=\u00a0\u00bbon\u00a0\u00bb button_text_size=\u00a0\u00bb18px\u00a0\u00bb button_text_color=\u00a0\u00bb#FFFFFF\u00a0\u00bb button_bg_color=\u00a0\u00bb#FFFFFF\u00a0\u00bb button_border_width=\u00a0\u00bb2px\u00a0\u00bb button_border_color=\u00a0\u00bb#FFFFFF\u00a0\u00bb button_letter_spacing=\u00a0\u00bb0.5px\u00a0\u00bb button_font=\u00a0\u00bb|||on|||||\u00a0\u00bb button_icon=\u00a0\u00bb&#x24;||divi||400&Prime; button_on_hover=\u00a0\u00bboff\u00a0\u00bb hover_enabled=\u00a0\u00bb0&Prime; custom_css_main_element=\u00a0\u00bbpadding-left:00 !important;\u00a0\u00bb global_colors_info=\u00a0\u00bb{}\u00a0\u00bb button_text_size_last_edited=\u00a0\u00bbon|phone\u00a0\u00bb sticky_enabled=\u00a0\u00bb0&Prime; button_text_size_tablet=\u00a0\u00bb17px\u00a0\u00bb button_text_size_phone=\u00a0\u00bb14px\u00a0\u00bb][\/et_pb_button][\/et_pb_column][et_pb_column type=\u00a0\u00bb1_3&Prime; _builder_version=\u00a0\u00bb4.21.0&Prime; _module_preset=\u00a0\u00bbdefault\u00a0\u00bb custom_padding=\u00a0\u00bb3vw|3vw|3vw|3vw|true|true\u00a0\u00bb border_color_all=\u00a0\u00bbrgba(243,239,229,0.3)\u00a0\u00bb border_width_right=\u00a0\u00bb1px\u00a0\u00bb border_width_left_tablet=\u00a0\u00bb1px\u00a0\u00bb border_width_left_phone=\u00a0\u00bb1px\u00a0\u00bb border_width_left_last_edited=\u00a0\u00bbon|tablet\u00a0\u00bb global_colors_info=\u00a0\u00bb{}\u00a0\u00bb][\/et_pb_column][\/et_pb_row][et_pb_row column_structure=\u00a0\u00bb2_3,1_3&Prime; use_custom_gutter=\u00a0\u00bbon\u00a0\u00bb gutter_width=\u00a0\u00bb1&Prime; make_equal=\u00a0\u00bbon\u00a0\u00bb _builder_version=\u00a0\u00bb4.21.0&Prime; _module_preset=\u00a0\u00bbdefault\u00a0\u00bb width=\u00a0\u00bb100%\u00a0\u00bb max_width=\u00a0\u00bbnone\u00a0\u00bb custom_padding=\u00a0\u00bb0px|10vw|0px|10vw|true|true\u00a0\u00bb global_colors_info=\u00a0\u00bb{}\u00a0\u00bb][et_pb_column type=\u00a0\u00bb2_3&Prime; _builder_version=\u00a0\u00bb4.21.0&Prime; _module_preset=\u00a0\u00bbdefault\u00a0\u00bb border_color_all=\u00a0\u00bbrgba(243,239,229,0.3)\u00a0\u00bb border_width_right=\u00a0\u00bb1px\u00a0\u00bb border_width_left=\u00a0\u00bb1px\u00a0\u00bb global_colors_info=\u00a0\u00bb{}\u00a0\u00bb][et_pb_divider show_divider=\u00a0\u00bboff\u00a0\u00bb _builder_version=\u00a0\u00bb4.27.4&Prime; _module_preset=\u00a0\u00bbdefault\u00a0\u00bb height=\u00a0\u00bb6vw\u00a0\u00bb height_phone=\u00a0\u00bb4vw\u00a0\u00bb height_last_edited=\u00a0\u00bboff|tablet\u00a0\u00bb locked=\u00a0\u00bboff\u00a0\u00bb global_colors_info=\u00a0\u00bb{}\u00a0\u00bb][\/et_pb_divider][\/et_pb_column][et_pb_column type=\u00a0\u00bb1_3&Prime; _builder_version=\u00a0\u00bb4.21.0&Prime; _module_preset=\u00a0\u00bbdefault\u00a0\u00bb border_color_all=\u00a0\u00bbrgba(243,239,229,0.3)\u00a0\u00bb border_width_right=\u00a0\u00bb1px\u00a0\u00bb global_colors_info=\u00a0\u00bb{}\u00a0\u00bb][\/et_pb_column][\/et_pb_row][\/et_pb_section][et_pb_section fb_built=\u00a0\u00bb1&Prime; admin_label=\u00a0\u00bbsection\u00a0\u00bb _builder_version=\u00a0\u00bb4.27.4&Prime; custom_margin=\u00a0\u00bb||||false|false\u00a0\u00bb custom_padding=\u00a0\u00bb||||false|false\u00a0\u00bb global_colors_info=\u00a0\u00bb{}\u00a0\u00bb][et_pb_row admin_label=\u00a0\u00bbrow\u00a0\u00bb _builder_version=\u00a0\u00bb4.16&Prime; background_size=\u00a0\u00bbinitial\u00a0\u00bb background_position=\u00a0\u00bbtop_left\u00a0\u00bb background_repeat=\u00a0\u00bbrepeat\u00a0\u00bb global_colors_info=\u00a0\u00bb{}\u00a0\u00bb][et_pb_column type=\u00a0\u00bb4_4&Prime; _builder_version=\u00a0\u00bb4.16&Prime; custom_padding=\u00a0\u00bb|||\u00a0\u00bb global_colors_info=\u00a0\u00bb{}\u00a0\u00bb custom_padding__hover=\u00a0\u00bb|||\u00a0\u00bb][et_pb_text admin_label=\u00a0\u00bbFilters\u00a0\u00bb module_class=\u00a0\u00bbcatshop\u00a0\u00bb _builder_version=\u00a0\u00bb4.27.6&Prime; text_font=\u00a0\u00bb|||on|||||\u00a0\u00bb text_text_color=\u00a0\u00bb#000000&Prime; text_font_size=\u00a0\u00bb14px\u00a0\u00bb text_letter_spacing=\u00a0\u00bb0.25px\u00a0\u00bb custom_css_free_form=\u00a0\u00bb.catshop a {||   color:#5d2e40;||}||.catshop p {||   color:#999;||}\u00a0\u00bb global_colors_info=\u00a0\u00bb{}\u00a0\u00bb]<\/p>\n<p class=\"catshop\"><a href=\"#lidded\">Pots \u00e0 couvercle<\/a> | <a href=\"#tumblers\">Gobelets et tasses<\/a> | <a href=\"#plates\">Assiettes et plats de service<\/a> | <a href=\"#bowls\">Bols<\/a> | <a href=\"#butter\">Beurriers<\/a> | <a href=\"#misc\">Divers<\/a><\/p>\n<p>[\/et_pb_text][et_pb_text _builder_version=\u00a0\u00bb4.27.6&Prime; _module_preset=\u00a0\u00bbdefault\u00a0\u00bb header_font_size=\u00a0\u00bb26px\u00a0\u00bb custom_padding=\u00a0\u00bb50px||||false|false\u00a0\u00bb global_colors_info=\u00a0\u00bb{}\u00a0\u00bb]<\/p>\n<h2 id=\"lidded\" style=\"text-align: center;\">Pots \u00e0 couvercle<\/h2>\n<p>[\/et_pb_text][et_pb_shop type=\u00a0\u00bbproduct_category\u00a0\u00bb posts_number=\u00a0\u00bb36&Prime; include_categories=\u00a0\u00bb368&Prime; columns_number=\u00a0\u00bb3&Prime; orderby=\u00a0\u00bbdate-desc\u00a0\u00bb _builder_version=\u00a0\u00bb4.27.6&Prime; title_font=\u00a0\u00bb&#8211;et_global_body_font||||||||\u00a0\u00bb global_colors_info=\u00a0\u00bb{}\u00a0\u00bb]&nbsp;<br \/>\n[\/et_pb_shop][et_pb_text _builder_version=\u00a0\u00bb4.27.6&Prime; _module_preset=\u00a0\u00bbdefault\u00a0\u00bb header_font_size=\u00a0\u00bb26px\u00a0\u00bb custom_padding=\u00a0\u00bb20px||||false|false\u00a0\u00bb global_colors_info=\u00a0\u00bb{}\u00a0\u00bb]<\/p>\n<h2 id=\"tumblers\" style=\"text-align: center;\">Gobelets et tasses<\/h2>\n<p>[\/et_pb_text][et_pb_shop type=\u00a0\u00bbproduct_category\u00a0\u00bb posts_number=\u00a0\u00bb36&Prime; include_categories=\u00a0\u00bb373&Prime; columns_number=\u00a0\u00bb3&Prime; orderby=\u00a0\u00bbdate-desc\u00a0\u00bb disabled_on=\u00a0\u00bboff|off|off\u00a0\u00bb _builder_version=\u00a0\u00bb4.27.6&Prime; global_colors_info=\u00a0\u00bb{}\u00a0\u00bb]&nbsp;<br \/>\n[\/et_pb_shop][et_pb_text _builder_version=\u00a0\u00bb4.27.6&Prime; _module_preset=\u00a0\u00bbdefault\u00a0\u00bb header_font_size=\u00a0\u00bb26px\u00a0\u00bb custom_padding=\u00a0\u00bb20px||||false|false\u00a0\u00bb global_colors_info=\u00a0\u00bb{}\u00a0\u00bb]<\/p>\n<h2 id=\"plates\" style=\"text-align: center;\">Assiettes et plats de service<\/h2>\n<p>[\/et_pb_text][et_pb_shop type=\u00a0\u00bbproduct_category\u00a0\u00bb posts_number=\u00a0\u00bb36&Prime; include_categories=\u00a0\u00bb370&Prime; columns_number=\u00a0\u00bb3&Prime; orderby=\u00a0\u00bbdate-desc\u00a0\u00bb disabled_on=\u00a0\u00bboff|off|off\u00a0\u00bb _builder_version=\u00a0\u00bb4.27.6&Prime; global_colors_info=\u00a0\u00bb{}\u00a0\u00bb]&nbsp;<br \/>\n[\/et_pb_shop][et_pb_text _builder_version=\u00a0\u00bb4.27.6&Prime; _module_preset=\u00a0\u00bbdefault\u00a0\u00bb header_font_size=\u00a0\u00bb26px\u00a0\u00bb custom_margin=\u00a0\u00bb||||false|false\u00a0\u00bb custom_padding=\u00a0\u00bb15px||||false|false\u00a0\u00bb global_colors_info=\u00a0\u00bb{}\u00a0\u00bb]<\/p>\n<h2 id=\"bowls\" style=\"text-align: center;\">Bols<\/h2>\n<p>[\/et_pb_text][et_pb_shop type=\u00a0\u00bbproduct_category\u00a0\u00bb posts_number=\u00a0\u00bb36&Prime; include_categories=\u00a0\u00bb369&Prime; columns_number=\u00a0\u00bb3&Prime; orderby=\u00a0\u00bbdate-desc\u00a0\u00bb _builder_version=\u00a0\u00bb4.27.6&Prime; title_font=\u00a0\u00bb&#8211;et_global_body_font||||||||\u00a0\u00bb global_colors_info=\u00a0\u00bb{}\u00a0\u00bb]&nbsp;<br \/>\n[\/et_pb_shop][et_pb_text _builder_version=\u00a0\u00bb4.27.6&Prime; _module_preset=\u00a0\u00bbdefault\u00a0\u00bb header_font_size=\u00a0\u00bb26px\u00a0\u00bb text_orientation=\u00a0\u00bbcenter\u00a0\u00bb custom_margin=\u00a0\u00bb||||false|false\u00a0\u00bb custom_padding=\u00a0\u00bb15px||||false|false\u00a0\u00bb global_colors_info=\u00a0\u00bb{}\u00a0\u00bb]<\/p>\n<h2 id=\"butter\" style=\"text-align: center;\">Beurriers<\/h2>\n<p><\/p>\n<p>En production<\/p>\n<p>[\/et_pb_text][et_pb_image src=\u00a0\u00bbhttps:\/\/www.datcha.ca\/la_datcha\/wp-content\/uploads\/2026\/04\/butter-dishes-in-prod.jpg\u00a0\u00bb alt=\u00a0\u00bbBeurriers en production, La Datcha\u00a0\u00bb title_text=\u00a0\u00bbbutter-dishes-in-prod\u00a0\u00bb align=\u00a0\u00bbcenter\u00a0\u00bb _builder_version=\u00a0\u00bb4.27.6&Prime; _module_preset=\u00a0\u00bbdefault\u00a0\u00bb custom_margin_tablet=\u00a0\u00bb\u00a0\u00bb custom_margin_phone=\u00a0\u00bb\u00a0\u00bb custom_margin_last_edited=\u00a0\u00bbon|desktop\u00a0\u00bb custom_padding=\u00a0\u00bb||8%||false|false\u00a0\u00bb global_colors_info=\u00a0\u00bb{}\u00a0\u00bb][\/et_pb_image][et_pb_text _builder_version=\u00a0\u00bb4.27.6&Prime; _module_preset=\u00a0\u00bbdefault\u00a0\u00bb header_font_size=\u00a0\u00bb26px\u00a0\u00bb text_orientation=\u00a0\u00bbcenter\u00a0\u00bb custom_margin=\u00a0\u00bb||||false|false\u00a0\u00bb custom_padding=\u00a0\u00bb15px||||false|false\u00a0\u00bb global_colors_info=\u00a0\u00bb{}\u00a0\u00bb]<\/p>\n<h2 id=\"misc\" style=\"text-align: center;\">Divers<\/h2>\n<p>[\/et_pb_text][et_pb_shop type=\u00a0\u00bbproduct_category\u00a0\u00bb posts_number=\u00a0\u00bb36&Prime; include_categories=\u00a0\u00bb380&Prime; columns_number=\u00a0\u00bb3&Prime; orderby=\u00a0\u00bbdate-desc\u00a0\u00bb _builder_version=\u00a0\u00bb4.27.6&Prime; title_font=\u00a0\u00bb&#8211;et_global_body_font||||||||\u00a0\u00bb custom_padding=\u00a0\u00bb||4%||false|false\u00a0\u00bb global_colors_info=\u00a0\u00bb{}\u00a0\u00bb]&nbsp;<br \/>\n[\/et_pb_shop][et_pb_text _builder_version=\u00a0\u00bb4.27.6&Prime; _module_preset=\u00a0\u00bbdefault\u00a0\u00bb text_font=\u00a0\u00bb||||||||\u00a0\u00bb header_font_size=\u00a0\u00bb26px\u00a0\u00bb text_orientation=\u00a0\u00bbcenter\u00a0\u00bb custom_margin=\u00a0\u00bb||||false|false\u00a0\u00bb custom_padding=\u00a0\u00bb||||false|false\u00a0\u00bb global_colors_info=\u00a0\u00bb{}\u00a0\u00bb]<\/p>\n<h2 id=\"sold\" style=\"text-align: center;\">Quelques unes des pi\u00e8ces de 2025<\/h2>\n<p>Non disponibles pour le moment (en production)[\/et_pb_text][\/et_pb_column][\/et_pb_row][et_pb_row column_structure=\u00a0\u00bb1_2,1_2&Prime; use_custom_gutter=\u00a0\u00bbon\u00a0\u00bb gutter_width=\u00a0\u00bb2&Prime; _builder_version=\u00a0\u00bb4.27.6&Prime; _module_preset=\u00a0\u00bbdefault\u00a0\u00bb max_width=\u00a0\u00bb850px\u00a0\u00bb max_width_tablet=\u00a0\u00bb850px\u00a0\u00bb max_width_phone=\u00a0\u00bb850px\u00a0\u00bb max_width_last_edited=\u00a0\u00bbon|desktop\u00a0\u00bb custom_margin=\u00a0\u00bb||||false|false\u00a0\u00bb custom_padding=\u00a0\u00bb10px||||false|false\u00a0\u00bb global_colors_info=\u00a0\u00bb{}\u00a0\u00bb][et_pb_column type=\u00a0\u00bb1_2&Prime; _builder_version=\u00a0\u00bb4.27.6&Prime; _module_preset=\u00a0\u00bbdefault\u00a0\u00bb global_colors_info=\u00a0\u00bb{}\u00a0\u00bb][et_pb_image src=\u00a0\u00bbhttps:\/\/www.datcha.ca\/la_datcha\/wp-content\/uploads\/2026\/04\/0-IG-reel-12-converti-depuis-png-1.webp\u00a0\u00bb alt=\u00a0\u00bbGrands bols, La Datcha\u00a0\u00bb title_text=\u00a0\u00bbGrands bols par La Datcha\u00a0\u00bb _builder_version=\u00a0\u00bb4.27.6&Prime; _module_preset=\u00a0\u00bbdefault\u00a0\u00bb global_colors_info=\u00a0\u00bb{}\u00a0\u00bb][\/et_pb_image][\/et_pb_column][et_pb_column type=\u00a0\u00bb1_2&Prime; _builder_version=\u00a0\u00bb4.27.6&Prime; _module_preset=\u00a0\u00bbdefault\u00a0\u00bb global_colors_info=\u00a0\u00bb{}\u00a0\u00bb][et_pb_image src=\u00a0\u00bbhttps:\/\/www.datcha.ca\/la_datcha\/wp-content\/uploads\/2026\/04\/0-IG-reel-07-converti-depuis-png.webp\u00a0\u00bb alt=\u00a0\u00bbBeurriers, La Datcha\u00a0\u00bb title_text=\u00a0\u00bb0-IG-reel-07-converti-depuis-png\u00a0\u00bb _builder_version=\u00a0\u00bb4.27.6&Prime; _module_preset=\u00a0\u00bbdefault\u00a0\u00bb global_colors_info=\u00a0\u00bb{}\u00a0\u00bb][\/et_pb_image][\/et_pb_column][\/et_pb_row][et_pb_row column_structure=\u00a0\u00bb1_2,1_2&Prime; use_custom_gutter=\u00a0\u00bbon\u00a0\u00bb gutter_width=\u00a0\u00bb2&Prime; _builder_version=\u00a0\u00bb4.27.6&Prime; _module_preset=\u00a0\u00bbdefault\u00a0\u00bb max_width=\u00a0\u00bb850px\u00a0\u00bb max_width_tablet=\u00a0\u00bb850px\u00a0\u00bb max_width_phone=\u00a0\u00bb850px\u00a0\u00bb max_width_last_edited=\u00a0\u00bbon|desktop\u00a0\u00bb custom_padding=\u00a0\u00bb5px||||false|false\u00a0\u00bb global_colors_info=\u00a0\u00bb{}\u00a0\u00bb][et_pb_column type=\u00a0\u00bb1_2&Prime; _builder_version=\u00a0\u00bb4.27.6&Prime; _module_preset=\u00a0\u00bbdefault\u00a0\u00bb global_colors_info=\u00a0\u00bb{}\u00a0\u00bb][et_pb_image src=\u00a0\u00bbhttps:\/\/www.datcha.ca\/la_datcha\/wp-content\/uploads\/2026\/04\/0-IG-reel-08-converti-depuis-png.webp\u00a0\u00bb alt=\u00a0\u00bbBeurriers, La Datcha\u00a0\u00bb title_text=\u00a0\u00bb0-IG-reel-08-converti-depuis-png\u00a0\u00bb _builder_version=\u00a0\u00bb4.27.6&Prime; _module_preset=\u00a0\u00bbdefault\u00a0\u00bb global_colors_info=\u00a0\u00bb{}\u00a0\u00bb][\/et_pb_image][\/et_pb_column][et_pb_column type=\u00a0\u00bb1_2&Prime; _builder_version=\u00a0\u00bb4.27.6&Prime; _module_preset=\u00a0\u00bbdefault\u00a0\u00bb global_colors_info=\u00a0\u00bb{}\u00a0\u00bb][et_pb_image src=\u00a0\u00bbhttps:\/\/www.datcha.ca\/la_datcha\/wp-content\/uploads\/2026\/04\/0-IG-reel-04-converti-depuis-png.webp\u00a0\u00bb alt=\u00a0\u00bbPlats de service, La Datcha\u00a0\u00bb title_text=\u00a0\u00bb0-IG-reel-04-converti-depuis-png\u00a0\u00bb _builder_version=\u00a0\u00bb4.27.6&Prime; _module_preset=\u00a0\u00bbdefault\u00a0\u00bb global_colors_info=\u00a0\u00bb{}\u00a0\u00bb][\/et_pb_image][\/et_pb_column][\/et_pb_row][\/et_pb_section]<\/p>\n","protected":false},"excerpt":{"rendered":"<p>BoutiqueUne pi\u00e8ce vous int\u00e9resse?Pots \u00e0 couvercle | Gobelets et tasses | Assiettes et plats de service | Bols | Beurriers | DiversPots \u00e0 couvercle&nbsp; Gobelets et tasses&nbsp; Assiettes et plats de service&nbsp; Bols&nbsp; BeurriersEn productionDivers&nbsp; Quelques unes des pi\u00e8ces de 2025Non disponibles pour le moment (en production)<\/p>\n","protected":false},"author":3,"featured_media":0,"parent":0,"menu_order":0,"comment_status":"closed","ping_status":"closed","template":"","meta":{"_et_pb_use_builder":"on","_et_pb_old_content":"","_et_gb_content_width":"","ngg_post_thumbnail":0,"footnotes":""},"class_list":["post-25679","page","type-page","status-publish","hentry"],"aioseo_notices":[],"_links":{"self":[{"href":"https:\/\/www.datcha.ca\/la_datcha\/fr\/wp-json\/wp\/v2\/pages\/25679","targetHints":{"allow":["GET"]}}],"collection":[{"href":"https:\/\/www.datcha.ca\/la_datcha\/fr\/wp-json\/wp\/v2\/pages"}],"about":[{"href":"https:\/\/www.datcha.ca\/la_datcha\/fr\/wp-json\/wp\/v2\/types\/page"}],"author":[{"embeddable":true,"href":"https:\/\/www.datcha.ca\/la_datcha\/fr\/wp-json\/wp\/v2\/users\/3"}],"replies":[{"embeddable":true,"href":"https:\/\/www.datcha.ca\/la_datcha\/fr\/wp-json\/wp\/v2\/comments?post=25679"}],"version-history":[{"count":65,"href":"https:\/\/www.datcha.ca\/la_datcha\/fr\/wp-json\/wp\/v2\/pages\/25679\/revisions"}],"predecessor-version":[{"id":30388,"href":"https:\/\/www.datcha.ca\/la_datcha\/fr\/wp-json\/wp\/v2\/pages\/25679\/revisions\/30388"}],"wp:attachment":[{"href":"https:\/\/www.datcha.ca\/la_datcha\/fr\/wp-json\/wp\/v2\/media?parent=25679"}],"curies":[{"name":"wp","href":"https:\/\/api.w.org\/{rel}","templated":true}]}}